{"id":445,"date":"2022-10-03T12:15:22","date_gmt":"2022-10-03T12:15:22","guid":{"rendered":"https:\/\/biketourljubljana.com\/?page_id=445"},"modified":"2024-04-26T16:14:06","modified_gmt":"2024-04-26T16:14:06","slug":"uber-uns","status":"publish","type":"page","link":"https:\/\/biketourljubljana.com\/de\/uber-uns\/","title":{"rendered":"\u00dcber uns"},"content":{"rendered":"<p>Waren Sie schon einmal in Slowenien? F\u00fcr mich ist es das sch\u00f6nste Land der Welt. So gerne ich auch reise, und ich habe schon viele Reisen rund um den Globus unternommen, so sehr \u00fcberw\u00e4ltigt mich der Charme meines Heimatlandes jeden Tag aufs Neue.<\/p>\n\n\n\n<p>Und ich m\u00f6chte, dass das so bleibt.<\/p>\n\n\n\n<figure class=\"wp-block-image size-large\"><img loading=\"lazy\" decoding=\"async\" width=\"1024\" height=\"564\" src=\"https:\/\/biketourljubljana.com\/wp-content\/uploads\/hradeckega-most-1024x564.webp\" alt=\"hradeckega am meisten\" class=\"wp-image-245\" srcset=\"https:\/\/biketourljubljana.com\/wp-content\/uploads\/hradeckega-most-1024x564.webp 1024w, https:\/\/biketourljubljana.com\/wp-content\/uploads\/hradeckega-most-300x165.webp 300w, https:\/\/biketourljubljana.com\/wp-content\/uploads\/hradeckega-most-768x423.webp 768w, https:\/\/biketourljubljana.com\/wp-content\/uploads\/hradeckega-most-1536x846.webp 1536w, https:\/\/biketourljubljana.com\/wp-content\/uploads\/hradeckega-most-18x10.webp 18w, https:\/\/biketourljubljana.com\/wp-content\/uploads\/hradeckega-most.webp 1920w\" sizes=\"auto, (max-width: 1024px) 100vw, 1024px\" \/><figcaption class=\"wp-element-caption\">Ljubljana war 2016 die gr\u00fcne Hauptstadt Europas<\/figcaption><\/figure>\n\n\n\n<p>Meine Motivation ist es, einen nachhaltigen Tourismus anzustreben und die Emissionen auf ein Minimum zu reduzieren. Der Einfluss des Menschen auf die Umwelt ist schon gro\u00df genug.<\/p>\n\n\n\n<p>Deshalb ist die Bike Tour Ljubljana etwas, hinter dem ich stehen kann. Ich m\u00f6chte den Menschen helfen, unsere atemberaubende Hauptstadt auf unterhaltsame, aktive und umweltfreundliche Weise zu entdecken.<\/p>\n\n\n\n<h2 class=\"wp-block-heading\">Wussten Sie, dass Ljubljana eine wichtige r\u00f6mische Siedlung war?<\/h2>\n\n\n\n<p>Slowenien verf\u00fcgt \u00fcber ein reiches kulturelles und nat\u00fcrliches Erbe. Die Hauptstadt Ljubljana gibt es schon seit der Zeit vor den R\u00f6mern und hat in dieser Zeit an Bedeutung gewonnen.<\/p>\n\n\n\n<p>Heute kann man die \u00dcberreste von damals noch sehen, aber das Prunkst\u00fcck ist die <strong>gut erhaltene Altstadt<\/strong> im Zentrum der Stadt, \u00fcber das der m\u00e4chtige <strong>Burg von Ljubljana<\/strong>. Gepflasterte Stra\u00dfen schl\u00e4ngeln sich entlang und \u00fcber die <strong>Fluss Ljubljanica<\/strong>und verbindet die Pl\u00e4tze der Stadt mit lebhaften Restaurants und Gesch\u00e4ften.<\/p>\n\n\n\n<figure class=\"wp-block-image size-large\"><img loading=\"lazy\" decoding=\"async\" width=\"1024\" height=\"575\" src=\"https:\/\/biketourljubljana.com\/wp-content\/uploads\/cevljarski-most-1024x575.webp\" alt=\"cevljarski meisten\" class=\"wp-image-218\" srcset=\"https:\/\/biketourljubljana.com\/wp-content\/uploads\/cevljarski-most-1024x575.webp 1024w, https:\/\/biketourljubljana.com\/wp-content\/uploads\/cevljarski-most-300x169.webp 300w, https:\/\/biketourljubljana.com\/wp-content\/uploads\/cevljarski-most-768x432.webp 768w, https:\/\/biketourljubljana.com\/wp-content\/uploads\/cevljarski-most-1536x863.webp 1536w, https:\/\/biketourljubljana.com\/wp-content\/uploads\/cevljarski-most-18x10.webp 18w, https:\/\/biketourljubljana.com\/wp-content\/uploads\/cevljarski-most.webp 1920w\" sizes=\"auto, (max-width: 1024px) 100vw, 1024px\" \/><figcaption class=\"wp-element-caption\">Zentrum von Ljubljana<\/figcaption><\/figure>\n\n\n\n<p>Sein Hauptvorteil ist die <strong>autofreies Stadtzentrum<\/strong>. Der gr\u00f6\u00dfte Teil von Ljubljana ist zudem mit Radwegen ausgestattet, so dass eine Radtour eine der besten M\u00f6glichkeiten ist, die Stadt zu erkunden.<\/p>\n\n\n\n<p>Schlie\u00dflich ist Ljubljana eine der kleinsten europ\u00e4ischen Hauptst\u00e4dte, so dass man bei einer Erkundungstour mit dem Fahrrad die M\u00f6glichkeit hat, jeden Winkel der Stadt zu besuchen, auch die weniger bekannten und versteckten.<\/p>\n\n\n\n<h2 class=\"wp-block-heading\">Ein Team von Reiseliebhabern aus der Region, die sich f\u00fcr nachhaltigen Tourismus einsetzen<\/h2>\n\n\n\n<p>Es gibt viele Menschen in Slowenien, die meine Leidenschaft teilen, und wir sind ein tolles Team bei Bike Tour Ljubljana. Da wir die Stadt wie unsere Westentasche kennen, stellen wir sicher, dass unsere Kunden alle wichtigen Sehensw\u00fcrdigkeiten und die weniger bekannten Orte besuchen und dabei viel \u00fcber die Geschichte Ljubljanas lernen.<\/p>\n\n\n\n<p>Und wissen Sie was? Wir machen das alles in einem <strong>naturvertr\u00e4gliche Weise<\/strong> und gleichzeitig aktiv sein. Klingt lustig, oder?<\/p>\n\n\n\n<h2 class=\"wp-block-heading\">Zeit, in die Pedale zu treten!<\/h2>\n\n\n\n<p>Wir sind ein eingespieltes Team und arbeiten <strong>ohne jegliche Zwischenh\u00e4ndler<\/strong>. Alles l\u00e4uft \u00fcber unser Unternehmen, und es gibt <strong>keine versteckten Geb\u00fchren<\/strong>. Ihr Geld flie\u00dft direkt in ein unvergessliches Erlebnis f\u00fcr Sie.<\/p>\n\n\n\n<p>Sie m\u00fcssen sich keine Sorgen machen, wenn Sie Ihre Tour im Voraus buchen, denn wir sind ein<strong> Finanziell abgesichertes Unternehmen<\/strong>So ist Ihr Geld in unserem Besitz sicher.<\/p>\n\n\n\n<figure class=\"wp-block-image size-large\"><img loading=\"lazy\" decoding=\"async\" width=\"1024\" height=\"575\" src=\"https:\/\/biketourljubljana.com\/wp-content\/uploads\/ljubljana-marshes-4-1024x575.webp\" alt=\"Ljubljanaer S\u00fcmpfe\" class=\"wp-image-234\" srcset=\"https:\/\/biketourljubljana.com\/wp-content\/uploads\/ljubljana-marshes-4-1024x575.webp 1024w, https:\/\/biketourljubljana.com\/wp-content\/uploads\/ljubljana-marshes-4-300x169.webp 300w, https:\/\/biketourljubljana.com\/wp-content\/uploads\/ljubljana-marshes-4-768x432.webp 768w, https:\/\/biketourljubljana.com\/wp-content\/uploads\/ljubljana-marshes-4-1536x863.webp 1536w, https:\/\/biketourljubljana.com\/wp-content\/uploads\/ljubljana-marshes-4-18x10.webp 18w, https:\/\/biketourljubljana.com\/wp-content\/uploads\/ljubljana-marshes-4.webp 1920w\" sizes=\"auto, (max-width: 1024px) 100vw, 1024px\" \/><figcaption class=\"wp-element-caption\">Ljubljanaer S\u00fcmpfe<\/figcaption><\/figure>\n\n\n\n<p>Es besteht die M\u00f6glichkeit, dass eine Fahrradtour nicht das ist, was Sie interessiert, daher empfehlen wir Ihnen, sich bei unseren vertrauensw\u00fcrdigen Partnern umzusehen. <a href=\"https:\/\/slovenia-discovery.com\/\">Slowenien Entdeckung<\/a>, wo Sie vielleicht etwas f\u00fcr sich finden.<\/p>\n\n\n\n<p>Wenn Sie ein begeisterter und abenteuerlustiger Radfahrer sind, sollten Sie sich unsere <a href=\"https:\/\/sloveniacyclingholidays.com\/\">Slowenien Radfahren Urlaub<\/a>.<\/p>\n\n\n\n<p>Und wenn Sie in Ljubljana keine Lust auf Radfahren haben, sind wir sicher, dass so etwas wie <a href=\"https:\/\/foodtourljubljana.com\/\">Essen Tour Ljubljana<\/a>, <a href=\"https:\/\/winetastingljubljana.com\/sl\/\">Weinverkostung Ljubljana<\/a>, oder<a href=\"https:\/\/cookingclassljubljana.com\/\"> Kochkurs Ljubljana<\/a> wird Sie \u00fcberzeugen.<\/p>\n\n\n\n<p>Sie k\u00f6nnen auch etwas Unterhaltsames finden unter <a href=\"https:\/\/slovenia-activities.com\/\">Slowenien Aktivit\u00e4ten<\/a> oder besuchen Sie einen der vielen atemberaubenden Orte unter <a href=\"https:\/\/day-trips-slovenia.com\/\">Tagesausfl\u00fcge Slowenien<\/a>.<\/p>","protected":false},"excerpt":{"rendered":"<p>Waren Sie schon einmal in Slowenien? F\u00fcr mich ist es das sch\u00f6nste Land der Welt. So gerne ich auch reise, und ich habe schon viele Reisen rund um den Globus unternommen, so \u00fcberw\u00e4ltigt mich doch jeden Tag der besondere Charme meines Heimatlandes. Und das m\u00f6chte ich auch bleiben ... <a href=\"https:\/\/biketourljubljana.com\/de\/uber-uns\/\">Fortsetzung<\/a><\/p>","protected":false},"author":40,"featured_media":240,"parent":0,"menu_order":0,"comment_status":"closed","ping_status":"closed","template":"template-about-us.blade.php","meta":{"_acf_changed":false,"footnotes":""},"class_list":["post-445","page","type-page","status-publish","has-post-thumbnail","hentry"],"acf":{"page_subheading":"Discover the natural heritage of Ljubljana with us on a relaxed city bike tour."},"_links":{"self":[{"href":"https:\/\/biketourljubljana.com\/de\/wp-json\/wp\/v2\/pages\/445","targetHints":{"allow":["GET"]}}],"collection":[{"href":"https:\/\/biketourljubljana.com\/de\/wp-json\/wp\/v2\/pages"}],"about":[{"href":"https:\/\/biketourljubljana.com\/de\/wp-json\/wp\/v2\/types\/page"}],"author":[{"embeddable":true,"href":"https:\/\/biketourljubljana.com\/de\/wp-json\/wp\/v2\/users\/40"}],"replies":[{"embeddable":true,"href":"https:\/\/biketourljubljana.com\/de\/wp-json\/wp\/v2\/comments?post=445"}],"version-history":[{"count":6,"href":"https:\/\/biketourljubljana.com\/de\/wp-json\/wp\/v2\/pages\/445\/revisions"}],"predecessor-version":[{"id":621,"href":"https:\/\/biketourljubljana.com\/de\/wp-json\/wp\/v2\/pages\/445\/revisions\/621"}],"wp:featuredmedia":[{"embeddable":true,"href":"https:\/\/biketourljubljana.com\/de\/wp-json\/wp\/v2\/media\/240"}],"wp:attachment":[{"href":"https:\/\/biketourljubljana.com\/de\/wp-json\/wp\/v2\/media?parent=445"}],"curies":[{"name":"wp","href":"https:\/\/api.w.org\/{rel}","templated":true}]}}