{"id":86,"date":"2022-07-27T14:10:55","date_gmt":"2022-07-27T14:10:55","guid":{"rendered":"http:\/\/biketourljubljana.com\/?page_id=86"},"modified":"2022-08-24T13:23:42","modified_gmt":"2022-08-24T13:23:42","slug":"partner","status":"publish","type":"page","link":"https:\/\/biketourljubljana.com\/de\/partner\/","title":{"rendered":"Partner"},"content":{"rendered":"<p><a rel=\"noreferrer noopener\" href=\"https:\/\/winetastingljubljana.com\/\" target=\"_blank\"><strong>WEINVERKOSTUNG LJUBLJANA<\/strong><\/a><\/p>\n\n\n\n<p>Bestbewertete Weinverkostung in Slowenien. Einzigartige M\u00f6glichkeit, die lokalen Weine und die Weintradition kennenzulernen \ud83c\udf7e<\/p>\n\n\n\n<p><a rel=\"noreferrer noopener\" href=\"http:\/\/www.bikinginturkey.com\/\" target=\"_blank\"><strong>RADFAHREN IN DER T\u00dcRKEI<\/strong><\/a><\/p>\n\n\n\n<p>F\u00fchrend bei spezialisierten Rennrad- und Mountainbike-Reisen in der T\u00fcrkei. Das von Enthusiasten gef\u00fchrte Unternehmen bietet eine breite Palette von M\u00f6glichkeiten, von entspannenden Radtouren an der K\u00fcste bis hin zu Singletrail-Offroad-Trail-Biking. Mit 15 Jahren Erfahrung in der Outdoor- und T\u00fcrkei-Reisebranche.<\/p>\n\n\n\n<p><a href=\"https:\/\/sloveniacyclingholidays.com\/\"><strong>RADURLAUB SLOWENIEN<\/strong><\/a><\/p>\n\n\n\n<p>Wenn Sie Slowenien einfach nur mit dem Fahrrad erleben wollen, weil es wie geschaffen ist f\u00fcr Radreisen, dann hilft Ihnen das Team von Cycling Holidays, den perfekten Radurlaub zu gestalten!<\/p>\n\n\n\n<p><a href=\"https:\/\/ljubljanafreetour.com\/\"><strong>LJUBLJANA FREIE TOUR<\/strong><\/a><\/p>\n\n\n\n<p>T\u00e4gliche Spazierg\u00e4nge durch Ljubljana. Tauchen Sie ein in Geschichten, die die Stadt zum Leben erwecken.<\/p>\n\n\n\n<p><strong><a href=\"https:\/\/wine-tours-slovenia.com\/\" target=\"_blank\" rel=\"noreferrer noopener\">WEINTOUREN SLOWENIEN<\/a><\/strong><\/p>\n\n\n\n<p>Weinreisen sind sowohl f\u00fcr Anf\u00e4nger als auch f\u00fcr erfahrene Weinverkoster geeignet. Sie brauchen keine Vorkenntnisse. Das Einzige, was Sie brauchen, ist der Wunsch, sich zu entspannen, Wein zu trinken und noch mehr zu entspannen.<\/p>\n\n\n\n<p>Es gibt keine bessere M\u00f6glichkeit, die reiche slowenische Weinbautradition aus erster Hand zu erfahren, Kontakte zu kn\u00fcpfen und die Natur an einem einzigen Tag zu genie\u00dfen.<\/p>\n\n\n\n<p><strong><a href=\"https:\/\/slovenia-holidays.com\/\" target=\"_blank\" rel=\"noreferrer noopener\">SLOWENIEN URLAUB<\/a><\/strong><\/p>\n\n\n\n<p>Die gr\u00f6\u00dfte Auswahl an Ferien in Slowenien. Von Aktiv- und Abenteuerpaketen bis hin zu organisierten Reisen mit Outdoor-Aktivit\u00e4ten, von Familienurlauben und entspannten St\u00e4dtereisen bis hin zu Luxus- und ma\u00dfgeschneiderten Reisen. Was auch immer Sie bevorzugen, Slovenia Holidays hat die besten gef\u00fchrten und selbstgef\u00fchrten Touren f\u00fcr Sie.<\/p>\n\n\n\n<p><strong><a href=\"http:\/\/fishing-guides-slovenia.com\/\" target=\"_blank\" rel=\"noreferrer noopener\">FISCHEREIF\u00dcHRER SLOWENIEN<\/a><\/strong><\/p>\n\n\n\n<p>Unvergessliche Angelerlebnisse (Ausflug &amp; Urlaub, Ausr\u00fcstungsverleih) mit einheimischen Fischern an wundersch\u00f6nen versteckten Pl\u00e4tzen in Slowenien.<\/p>\n\n\n\n<p><strong><a href=\"http:\/\/day-trips-slovenia.com\/\" target=\"_blank\" rel=\"noreferrer noopener\">TAGESAUSFL\u00dcGE SLOWENIEN<\/a><\/strong><\/p>\n\n\n\n<p>Eine kleine Gruppe von Tagesausfl\u00fcgen und privaten Touren von Ljubljana, Bled, Koper, Zagreb und Venedig zu den sch\u00f6nsten Orten in Slowenien in Kombination mit Tagesausfl\u00fcgen ins benachbarte Kroatien und Italien.<\/p>\n\n\n\n<p><strong><a href=\"https:\/\/biketourljubljana.com\/de\/\" target=\"_blank\" rel=\"noreferrer noopener\">RADTOUR LJUBLJANA<\/a><\/strong><\/p>\n\n\n\n<p>Ein entspannter, lebendiger und unterhaltsamer Weg durch die Szenen und das reiche kulturelle Erbe von Ljubljana. Neben sch\u00f6nen Sehensw\u00fcrdigkeiten erz\u00e4hlen wir auch spannende Geschichten aus der Vergangenheit und dem aktuellen Geschehen in der Stadt.<\/p>\n\n\n\n<p><strong><a href=\"https:\/\/sloveniaprivatetours.com\/\" target=\"_blank\" rel=\"noreferrer noopener\">SLOWENIEN PRIVATREISEN<\/a><\/strong><\/p>\n\n\n\n<p>Private Touren durch Slowenien sind Ihre Chance, unser Land v\u00f6llig stressfrei zu erleben, in Begleitung eines professionellen einheimischen Fahrers und Reiseleiters, der Ihnen zeigt, was Slowenien ausmacht.<\/p>\n\n\n\n<p><strong><a href=\"https:\/\/shoreexcursionskoper.com\/\" target=\"_blank\" rel=\"noreferrer noopener\">LANDAUSFL\u00dcGE KOPER<\/a><\/strong><\/p>\n\n\n\n<p>Die besten gef\u00fchrten Landausfl\u00fcge ab Koper in Slowenien, um sowohl die Hauptattraktionen als auch die versteckten Juwelen zu entdecken.<\/p>\n\n\n\n<p><a rel=\"noreferrer noopener\" href=\"https:\/\/triglavtours.com\/\" target=\"_blank\"><strong>TRIGLAV TOURS<\/strong><\/a><\/p>\n\n\n\n<p>Gef\u00fchrte Wandertouren auf den h\u00f6chsten Berg Sloweniens. Eine Auswahl an abwechslungsreichen, individuell gestaltbaren Bergsteiger- und Wandertouren, die zu den sch\u00f6nsten Gipfeln im Triglav-Nationalpark f\u00fchren, darunter auch zum Wahrzeichen Sloweniens - dem Triglav.<\/p>\n\n\n\n<p><strong><a rel=\"noreferrer noopener\" href=\"https:\/\/thebalkantours.com\/\" target=\"_blank\">DIE BALKAN-REISEN<\/a><\/strong>&nbsp;<\/p>\n\n\n\n<p>Reisen Sie durch Slowenien, Kroatien, Serbien, Montenegro, Bosnien und Albanien und erleben Sie antike St\u00e4dte, die Adria, Nationalparks und vieles mehr.&nbsp;<\/p>\n\n\n\n<p><strong><a rel=\"noreferrer noopener\" href=\"https:\/\/sloveniacyclingholidays.com\/\" target=\"_blank\">SLOWENIEN RADURLAUB<\/a><\/strong><\/p>\n\n\n\n<p>Cycling Holidays Slovenia ist eine aufstrebende Incoming-Reiseagentur, die es sich zur Aufgabe gemacht hat, ihren Kunden die M\u00f6glichkeit zu geben, die vielf\u00e4ltigen Landschaften Sloweniens mit dem Fahrrad zu erleben.<\/p>\n\n\n\n<p><strong><a href=\"https:\/\/huttohuthikingslovenia.com\/\" target=\"_blank\" rel=\"noreferrer noopener\">H\u00dcTTE ZU H\u00dcTTE WANDERN SLOWENIEN<\/a><\/strong><\/p>\n\n\n\n<p>Gef\u00fchrte und selbst\u00e4ndige Wanderungen auf Bergpfaden mit Blick auf die Alpengipfel und die umliegende Natur, Einkehr in H\u00fctten und Genuss von hausgemachten Speisen.&nbsp;<\/p>\n\n\n\n<p><strong><a href=\"https:\/\/walking-holidays-slovenia.com\/\" target=\"_blank\" rel=\"noreferrer noopener\">WANDERURLAUB SLOWENIEN<\/a><\/strong><\/p>\n\n\n\n<p>Die Wandertouren f\u00fchren die G\u00e4ste durch die gr\u00fcnen Landschaften Sloweniens, durch saftige T\u00e4ler und smaragdgr\u00fcne Fl\u00fcsse vor der Kulisse der Berge.<\/p>\n\n\n\n<p><strong><a rel=\"noreferrer noopener\" href=\"https:\/\/hvarstagdo.com\/\" target=\"_blank\">HVAR STAG DO<\/a><\/strong><\/p>\n\n\n\n<p>Der beste Ort, um einen unvergesslichen Junggesellenabschied auf der unglaublichen Insel Hvar zu organisieren, um Ihrem Freund ein paar letzte Partyn\u00e4chte zu schenken, bevor er den Bund der Ehe schlie\u00dft.&nbsp;<\/p>\n\n\n\n<p><strong><a rel=\"noreferrer noopener\" href=\"https:\/\/croatiatunafishing.com\/\" target=\"_blank\">THUNFISCHFANG IN KROATIEN<\/a><\/strong>&nbsp;<\/p>\n\n\n\n<p>Gro\u00dfwildangeln an der gesamten kroatischen K\u00fcste mit einem unvergesslichen Angelerlebnis, um die gr\u00f6\u00dften Raubtiere der Adria zu fangen.&nbsp;&nbsp;&nbsp;<\/p>\n\n\n\n<p><a href=\"https:\/\/sloveniawedding.com\/\" target=\"_blank\" rel=\"noreferrer noopener\"><strong>SLOWENIEN HOCHZEIT<\/strong><\/a><\/p>\n\n\n\n<p>Eine Vielzahl fantastischer Hochzeitspakete und wundersch\u00f6ner Veranstaltungsorte in ganz Slowenien.<\/p>\n\n\n\n<p><a href=\"https:\/\/sloveniatours.com\/\" target=\"_blank\" rel=\"noreferrer noopener\"><strong>SLOWENIEN-TOUREN<\/strong><\/a><\/p>\n\n\n\n<p>Mehrt\u00e4gige gef\u00fchrte Touren nach Slowenien, um sowohl die Top-Attraktionen als auch verborgene Sch\u00e4tze zu entdecken. Ob gem\u00fctlich oder aktiv, die \u00f6rtlichen Reiseleiter begleiten Sie auf Ihrer Reise durch das Beste von Slowenien.<\/p>","protected":false},"excerpt":{"rendered":"<p>WINE TASTING LJUBLJANA Bestbewertete Weinverkostung in Slowenien. Einzigartige M\u00f6glichkeit, die lokalen Weine und Weintraditionen kennenzulernen \ud83c\udf7e BIKING TURKEY F\u00fchrend bei spezialisierten Rennrad- und Mountainbike-Reisen in der T\u00fcrkei. Das von Enthusiasten gef\u00fchrte Unternehmen bietet eine breite Palette von Optionen, von entspannenden Radtouren an der K\u00fcste bis hin zu einspurigen Off-Road-Strecken ... <a href=\"https:\/\/biketourljubljana.com\/de\/partner\/\">Fortsetzung<\/a><\/p>","protected":false},"author":40,"featured_media":35,"parent":0,"menu_order":0,"comment_status":"closed","ping_status":"closed","template":"","meta":{"_acf_changed":false,"footnotes":""},"class_list":["post-86","page","type-page","status-publish","has-post-thumbnail","hentry"],"acf":{"page_subheading":"We are stronger together."},"_links":{"self":[{"href":"https:\/\/biketourljubljana.com\/de\/wp-json\/wp\/v2\/pages\/86","targetHints":{"allow":["GET"]}}],"collection":[{"href":"https:\/\/biketourljubljana.com\/de\/wp-json\/wp\/v2\/pages"}],"about":[{"href":"https:\/\/biketourljubljana.com\/de\/wp-json\/wp\/v2\/types\/page"}],"author":[{"embeddable":true,"href":"https:\/\/biketourljubljana.com\/de\/wp-json\/wp\/v2\/users\/40"}],"replies":[{"embeddable":true,"href":"https:\/\/biketourljubljana.com\/de\/wp-json\/wp\/v2\/comments?post=86"}],"version-history":[{"count":3,"href":"https:\/\/biketourljubljana.com\/de\/wp-json\/wp\/v2\/pages\/86\/revisions"}],"predecessor-version":[{"id":412,"href":"https:\/\/biketourljubljana.com\/de\/wp-json\/wp\/v2\/pages\/86\/revisions\/412"}],"wp:featuredmedia":[{"embeddable":true,"href":"https:\/\/biketourljubljana.com\/de\/wp-json\/wp\/v2\/media\/35"}],"wp:attachment":[{"href":"https:\/\/biketourljubljana.com\/de\/wp-json\/wp\/v2\/media?parent=86"}],"curies":[{"name":"wp","href":"https:\/\/api.w.org\/{rel}","templated":true}]}}