{"id":445,"date":"2022-10-03T12:15:22","date_gmt":"2022-10-03T12:15:22","guid":{"rendered":"https:\/\/biketourljubljana.com\/?page_id=445"},"modified":"2024-04-26T16:14:06","modified_gmt":"2024-04-26T16:14:06","slug":"a-propos-de-nous","status":"publish","type":"page","link":"https:\/\/biketourljubljana.com\/fr\/a-propos-de-nous\/","title":{"rendered":"\u00c0 propos de nous"},"content":{"rendered":"<p>\u00cates-vous d\u00e9j\u00e0 all\u00e9 en Slov\u00e9nie ? Pour moi, c'est le plus beau pays du monde. M\u00eame si j'aime voyager, et que j'ai fait ma part de voyages autour du globe, le charme saisissant de mon pays natal me bouleverse encore chaque jour.<\/p>\n\n\n\n<p>Et j'aimerais que cela reste ainsi.<\/p>\n\n\n\n<figure class=\"wp-block-image size-large\"><img loading=\"lazy\" decoding=\"async\" width=\"1024\" height=\"564\" src=\"https:\/\/biketourljubljana.com\/wp-content\/uploads\/hradeckega-most-1024x564.webp\" alt=\"hradeckega most\" class=\"wp-image-245\" srcset=\"https:\/\/biketourljubljana.com\/wp-content\/uploads\/hradeckega-most-1024x564.webp 1024w, https:\/\/biketourljubljana.com\/wp-content\/uploads\/hradeckega-most-300x165.webp 300w, https:\/\/biketourljubljana.com\/wp-content\/uploads\/hradeckega-most-768x423.webp 768w, https:\/\/biketourljubljana.com\/wp-content\/uploads\/hradeckega-most-1536x846.webp 1536w, https:\/\/biketourljubljana.com\/wp-content\/uploads\/hradeckega-most-18x10.webp 18w, https:\/\/biketourljubljana.com\/wp-content\/uploads\/hradeckega-most.webp 1920w\" sizes=\"auto, (max-width: 1024px) 100vw, 1024px\" \/><figcaption class=\"wp-element-caption\">Ljubljana a \u00e9t\u00e9 la capitale verte de l'Europe en 2016.<\/figcaption><\/figure>\n\n\n\n<p>Ma motivation est de tendre vers un tourisme durable et de r\u00e9duire les \u00e9missions au minimum. L'empreinte de l'homme sur l'environnement est d\u00e9j\u00e0 assez consid\u00e9rable comme cela.<\/p>\n\n\n\n<p>C'est pourquoi le Bike Tour Ljubljana est un projet qui me tient \u00e0 c\u0153ur. Je veux aider les gens \u00e0 d\u00e9couvrir notre magnifique capitale d'une mani\u00e8re amusante, active et \u00e9cologique.<\/p>\n\n\n\n<h2 class=\"wp-block-heading\">Saviez-vous que Ljubljana \u00e9tait une importante colonie romaine ?<\/h2>\n\n\n\n<p>La Slov\u00e9nie occupe un territoire riche en patrimoine culturel et naturel. Ljubljana, sa capitale, existe depuis avant l'\u00e9poque romaine et a pris de l'importance \u00e0 cette \u00e9poque.<\/p>\n\n\n\n<p>Aujourd'hui, vous pouvez encore voir les vestiges de l'\u00e9poque, mais sa pi\u00e8ce ma\u00eetresse est l'\u00e9difice de l'Union europ\u00e9enne. <strong>vieille ville bien pr\u00e9serv\u00e9e<\/strong> dans le centre de la ville, pr\u00e9sid\u00e9 par le puissant <strong>Ch\u00e2teau de Ljubljana<\/strong>. Les rues pav\u00e9es serpentent le long et au-dessus de la <strong>Rivi\u00e8re Ljubljanica<\/strong>qui relie les places de la ville avec des restaurants et des magasins anim\u00e9s.<\/p>\n\n\n\n<figure class=\"wp-block-image size-large\"><img loading=\"lazy\" decoding=\"async\" width=\"1024\" height=\"575\" src=\"https:\/\/biketourljubljana.com\/wp-content\/uploads\/cevljarski-most-1024x575.webp\" alt=\"Cevljarski le plus\" class=\"wp-image-218\" srcset=\"https:\/\/biketourljubljana.com\/wp-content\/uploads\/cevljarski-most-1024x575.webp 1024w, https:\/\/biketourljubljana.com\/wp-content\/uploads\/cevljarski-most-300x169.webp 300w, https:\/\/biketourljubljana.com\/wp-content\/uploads\/cevljarski-most-768x432.webp 768w, https:\/\/biketourljubljana.com\/wp-content\/uploads\/cevljarski-most-1536x863.webp 1536w, https:\/\/biketourljubljana.com\/wp-content\/uploads\/cevljarski-most-18x10.webp 18w, https:\/\/biketourljubljana.com\/wp-content\/uploads\/cevljarski-most.webp 1920w\" sizes=\"auto, (max-width: 1024px) 100vw, 1024px\" \/><figcaption class=\"wp-element-caption\">Centre de Ljubljana<\/figcaption><\/figure>\n\n\n\n<p>Son principal avantage est le <strong>centre ville sans voiture<\/strong>. Et la majeure partie de Ljubljana est par ailleurs \u00e9quip\u00e9e de pistes cyclables, ce qui fait d'une visite \u00e0 v\u00e9lo l'un des moyens les plus appropri\u00e9s pour visiter la ville.<\/p>\n\n\n\n<p>Enfin, Ljubljana \u00e9tant l'une des plus petites capitales europ\u00e9ennes, l'explorer \u00e0 v\u00e9lo permet d'en visiter tous les recoins, m\u00eame les moins connus et les plus cach\u00e9s.<\/p>\n\n\n\n<h2 class=\"wp-block-heading\">Une \u00e9quipe de passionn\u00e9s de voyages locaux \u00e0 la recherche d'un tourisme durable<\/h2>\n\n\n\n<p>Beaucoup de gens partagent ma passion en Slov\u00e9nie, et nous formons une \u00e9quipe formidable \u00e0 Bike Tour Ljubljana. En connaissant la ville comme notre poche, nous veillons \u00e0 ce que nos clients visitent tous les principaux sites touristiques et les endroits moins connus, tout en apprenant beaucoup sur l'histoire de Ljubljana.<\/p>\n\n\n\n<p>Et devinez quoi ? Nous faisons tout cela dans un <strong>fa\u00e7on \u00e9cologique<\/strong> tout en \u00e9tant actif. \u00c7a a l'air amusant, non ?<\/p>\n\n\n\n<h2 class=\"wp-block-heading\">Il est temps d'appuyer sur les p\u00e9dales !<\/h2>\n\n\n\n<p>Nous sommes une \u00e9quipe soud\u00e9e et nous travaillons... <strong>sans aucun interm\u00e9diaire<\/strong>. Tout passe par notre entreprise, et il y a <strong>pas de frais cach\u00e9s<\/strong>. Votre argent sert directement \u00e0 vous faire vivre une exp\u00e9rience inoubliable.<\/p>\n\n\n\n<p>Vous n'avez pas \u00e0 vous inqui\u00e9ter lorsque vous r\u00e9servez votre excursion \u00e0 l'avance, car nous sommes un<strong> entreprise financi\u00e8rement prot\u00e9g\u00e9e<\/strong>Votre argent est donc en s\u00e9curit\u00e9 chez nous.<\/p>\n\n\n\n<figure class=\"wp-block-image size-large\"><img loading=\"lazy\" decoding=\"async\" width=\"1024\" height=\"575\" src=\"https:\/\/biketourljubljana.com\/wp-content\/uploads\/ljubljana-marshes-4-1024x575.webp\" alt=\"Marais de Ljubljana\" class=\"wp-image-234\" srcset=\"https:\/\/biketourljubljana.com\/wp-content\/uploads\/ljubljana-marshes-4-1024x575.webp 1024w, https:\/\/biketourljubljana.com\/wp-content\/uploads\/ljubljana-marshes-4-300x169.webp 300w, https:\/\/biketourljubljana.com\/wp-content\/uploads\/ljubljana-marshes-4-768x432.webp 768w, https:\/\/biketourljubljana.com\/wp-content\/uploads\/ljubljana-marshes-4-1536x863.webp 1536w, https:\/\/biketourljubljana.com\/wp-content\/uploads\/ljubljana-marshes-4-18x10.webp 18w, https:\/\/biketourljubljana.com\/wp-content\/uploads\/ljubljana-marshes-4.webp 1920w\" sizes=\"auto, (max-width: 1024px) 100vw, 1024px\" \/><figcaption class=\"wp-element-caption\">Marais de Ljubljana<\/figcaption><\/figure>\n\n\n\n<p>Il est possible qu'un circuit \u00e0 v\u00e9lo ne vous int\u00e9resse pas. Nous vous sugg\u00e9rons donc de consulter nos partenaires de confiance \u00e0 l'adresse suivante <a href=\"https:\/\/slovenia-discovery.com\/\">D\u00e9couverte de la Slov\u00e9nie<\/a>o\u00f9 vous pourriez trouver quelque chose pour vous.<\/p>\n\n\n\n<p>Si vous \u00eates un cycliste plus enthousiaste et aventureux, vous devriez consulter nos <a href=\"https:\/\/sloveniacyclingholidays.com\/\">Vacances \u00e0 v\u00e9lo en Slov\u00e9nie<\/a>.<\/p>\n\n\n\n<p>Et si le v\u00e9lo n'est pas une activit\u00e9 que vous aimeriez faire \u00e0 Ljubljana, nous sommes s\u00fbrs que quelque chose comme <a href=\"https:\/\/foodtourljubljana.com\/\">Visite guid\u00e9e de Ljubljana<\/a>, <a href=\"https:\/\/winetastingljubljana.com\/sl\/\">D\u00e9gustation de vins \u00e0 Ljubljana<\/a>ou<a href=\"https:\/\/cookingclassljubljana.com\/\"> Cours de cuisine \u00e0 Ljubljana<\/a> vous convaincra.<\/p>\n\n\n\n<p>Vous pouvez \u00e9galement trouver quelque chose d'amusant \u00e0 faire \u00e0 <a href=\"https:\/\/slovenia-activities.com\/\">Activit\u00e9s en Slov\u00e9nie<\/a> ou visitez l'un des nombreux sites \u00e9tonnants \u00e0 <a href=\"https:\/\/day-trips-slovenia.com\/\">Excursions d'une journ\u00e9e en Slov\u00e9nie<\/a>.<\/p>","protected":false},"excerpt":{"rendered":"<p>Avez-vous d\u00e9j\u00e0 visit\u00e9 la Slov\u00e9nie ? Pour moi, c'est le plus beau pays du monde. M\u00eame si j'aime voyager, et j'ai fait ma part de voyages autour du globe, le charme saisissant de mon pays d'origine m'envahit encore chaque jour. Et j'aimerais qu'il le reste... <a href=\"https:\/\/biketourljubljana.com\/fr\/a-propos-de-nous\/\">Suite<\/a><\/p>","protected":false},"author":40,"featured_media":240,"parent":0,"menu_order":0,"comment_status":"closed","ping_status":"closed","template":"template-about-us.blade.php","meta":{"_acf_changed":false,"footnotes":""},"class_list":["post-445","page","type-page","status-publish","has-post-thumbnail","hentry"],"acf":{"page_subheading":"Discover the natural heritage of Ljubljana with us on a relaxed city bike tour."},"_links":{"self":[{"href":"https:\/\/biketourljubljana.com\/fr\/wp-json\/wp\/v2\/pages\/445","targetHints":{"allow":["GET"]}}],"collection":[{"href":"https:\/\/biketourljubljana.com\/fr\/wp-json\/wp\/v2\/pages"}],"about":[{"href":"https:\/\/biketourljubljana.com\/fr\/wp-json\/wp\/v2\/types\/page"}],"author":[{"embeddable":true,"href":"https:\/\/biketourljubljana.com\/fr\/wp-json\/wp\/v2\/users\/40"}],"replies":[{"embeddable":true,"href":"https:\/\/biketourljubljana.com\/fr\/wp-json\/wp\/v2\/comments?post=445"}],"version-history":[{"count":6,"href":"https:\/\/biketourljubljana.com\/fr\/wp-json\/wp\/v2\/pages\/445\/revisions"}],"predecessor-version":[{"id":621,"href":"https:\/\/biketourljubljana.com\/fr\/wp-json\/wp\/v2\/pages\/445\/revisions\/621"}],"wp:featuredmedia":[{"embeddable":true,"href":"https:\/\/biketourljubljana.com\/fr\/wp-json\/wp\/v2\/media\/240"}],"wp:attachment":[{"href":"https:\/\/biketourljubljana.com\/fr\/wp-json\/wp\/v2\/media?parent=445"}],"curies":[{"name":"wp","href":"https:\/\/api.w.org\/{rel}","templated":true}]}}