{"id":86,"date":"2022-07-27T14:10:55","date_gmt":"2022-07-27T14:10:55","guid":{"rendered":"http:\/\/biketourljubljana.com\/?page_id=86"},"modified":"2022-08-24T13:23:42","modified_gmt":"2022-08-24T13:23:42","slug":"partenaires","status":"publish","type":"page","link":"https:\/\/biketourljubljana.com\/fr\/partenaires\/","title":{"rendered":"Partenaires"},"content":{"rendered":"<p><a rel=\"noreferrer noopener\" href=\"https:\/\/winetastingljubljana.com\/\" target=\"_blank\"><strong>D\u00c9GUSTATION DE VINS \u00c0 LJUBLJANA<\/strong><\/a><\/p>\n\n\n\n<p>D\u00e9gustation de vins la mieux not\u00e9e de Slov\u00e9nie. Une fa\u00e7on unique de d\u00e9couvrir les vins locaux et la tradition vinicole \ud83c\udf7e<\/p>\n\n\n\n<p><a rel=\"noreferrer noopener\" href=\"http:\/\/www.bikinginturkey.com\/\" target=\"_blank\"><strong>BIKING TURQUIE<\/strong><\/a><\/p>\n\n\n\n<p>Leader dans le domaine des vacances sp\u00e9cialis\u00e9es en cyclisme sur route et en VTT en Turquie. Il s'agit d'une entreprise g\u00e9r\u00e9e par des passionn\u00e9s, qui propose un large \u00e9ventail d'options allant du cyclotourisme c\u00f4tier relaxant au v\u00e9lo tout-terrain \u00e0 piste unique. Nous avons 15 ans d'exp\u00e9rience dans le secteur des voyages en plein air et en Turquie.<\/p>\n\n\n\n<p><a href=\"https:\/\/sloveniacyclingholidays.com\/\"><strong>VACANCES \u00c0 V\u00c9LO EN SLOV\u00c9NIE<\/strong><\/a><\/p>\n\n\n\n<p>Si vous voulez simplement d\u00e9couvrir la Slov\u00e9nie \u00e0 v\u00e9lo, parce qu'elle est faite pour les escapades \u00e0 v\u00e9lo, l'\u00e9quipe de Cycling Holidays vous aidera \u00e0 cr\u00e9er des vacances \u00e0 v\u00e9lo parfaites !<\/p>\n\n\n\n<p><a href=\"https:\/\/ljubljanafreetour.com\/\"><strong>LJUBLJANA FREE TOUR<\/strong><\/a><\/p>\n\n\n\n<p>Promenades quotidiennes dans Ljubljana. Plongez dans les histoires qui donnent vie \u00e0 la ville.<\/p>\n\n\n\n<p><strong><a href=\"https:\/\/wine-tours-slovenia.com\/\" target=\"_blank\" rel=\"noreferrer noopener\">VISITES DE VIGNOBLES EN SLOV\u00c9NIE<\/a><\/strong><\/p>\n\n\n\n<p>Les visites guid\u00e9es du vignoble sont parfaites pour les d\u00e9gustateurs novices comme pour les experts. Vous n'avez besoin d'aucune connaissance pr\u00e9alable. La seule chose requise est l'envie de se d\u00e9tendre, de boire du vin et de se d\u00e9tendre encore.<\/p>\n\n\n\n<p>Il n'y a pas de meilleur moyen de d\u00e9couvrir la riche tradition vinicole de la Slov\u00e9nie, de rencontrer d'autres voyageurs et de go\u00fbter aux richesses de la nature en une seule journ\u00e9e.<\/p>\n\n\n\n<p><strong><a href=\"https:\/\/slovenia-holidays.com\/\" target=\"_blank\" rel=\"noreferrer noopener\">VACANCES EN SLOV\u00c9NIE<\/a><\/strong><\/p>\n\n\n\n<p>La plus grande vari\u00e9t\u00e9 de vacances en Slov\u00e9nie. Des forfaits actifs et aventureux aux voyages organis\u00e9s avec des activit\u00e9s de plein air, des vacances en famille et des city breaks d\u00e9contract\u00e9s aux vacances de luxe et sur mesure. Quelles que soient vos pr\u00e9f\u00e9rences, Slovenia Holidays vous propose les meilleures visites guid\u00e9es et autoguid\u00e9es.<\/p>\n\n\n\n<p><strong><a href=\"http:\/\/fishing-guides-slovenia.com\/\" target=\"_blank\" rel=\"noreferrer noopener\">GUIDES DE P\u00caCHE SLOV\u00c8NES<\/a><\/strong><\/p>\n\n\n\n<p>Une exp\u00e9rience de p\u00eache inoubliable (voyage et vacances, location de mat\u00e9riel) avec des p\u00eacheurs locaux dans de magnifiques endroits cach\u00e9s en Slov\u00e9nie.<\/p>\n\n\n\n<p><strong><a href=\"http:\/\/day-trips-slovenia.com\/\" target=\"_blank\" rel=\"noreferrer noopener\">EXCURSIONS D'UNE JOURN\u00c9E EN SLOV\u00c9NIE<\/a><\/strong><\/p>\n\n\n\n<p>Des excursions d'une journ\u00e9e en petit groupe et des visites priv\u00e9es au d\u00e9part de Ljubljana, Bled, Koper, Zagreb et Venise pour d\u00e9couvrir les meilleurs endroits de Slov\u00e9nie en combinaison avec des excursions d'une journ\u00e9e dans les pays voisins, la Croatie et l'Italie.<\/p>\n\n\n\n<p><strong><a href=\"https:\/\/biketourljubljana.com\/fr\/\" target=\"_blank\" rel=\"noreferrer noopener\">VISITE \u00c0 V\u00c9LO DE LJUBLJANA<\/a><\/strong><\/p>\n\n\n\n<p>Une fa\u00e7on d\u00e9tendue, vivante et amusante de d\u00e9couvrir les sc\u00e8nes et le riche patrimoine culturel de Ljubljana. En plus des belles vues, nous partagerons \u00e9galement des histoires intrigantes du pass\u00e9, ainsi que l'actualit\u00e9 de la ville.<\/p>\n\n\n\n<p><strong><a href=\"https:\/\/sloveniaprivatetours.com\/\" target=\"_blank\" rel=\"noreferrer noopener\">VISITES PRIV\u00c9ES EN SLOV\u00c9NIE<\/a><\/strong><\/p>\n\n\n\n<p>Les circuits priv\u00e9s en Slov\u00e9nie vous permettent de d\u00e9couvrir notre pays sans aucun stress, en compagnie d'un chauffeur et d'un guide locaux professionnels qui vous feront d\u00e9couvrir la Slov\u00e9nie.<\/p>\n\n\n\n<p><strong><a href=\"https:\/\/shoreexcursionskoper.com\/\" target=\"_blank\" rel=\"noreferrer noopener\">EXCURSIONS TERRESTRES \u00c0 KOPER<\/a><\/strong><\/p>\n\n\n\n<p>Les meilleures excursions guid\u00e9es \u00e0 partir de Koper en Slov\u00e9nie pour d\u00e9couvrir ses principales attractions et ses joyaux cach\u00e9s.<\/p>\n\n\n\n<p><a rel=\"noreferrer noopener\" href=\"https:\/\/triglavtours.com\/\" target=\"_blank\"><strong>TRIGLAV TOURS<\/strong><\/a><\/p>\n\n\n\n<p>Randonn\u00e9es guid\u00e9es vers le plus haut sommet de Slov\u00e9nie. Une s\u00e9lection de circuits d'escalade et de randonn\u00e9e diversifi\u00e9s et personnalisables qui m\u00e8nent aux meilleurs sommets du parc national du Triglav, y compris le symbole de la Slov\u00e9nie elle-m\u00eame - le mont Triglav.<\/p>\n\n\n\n<p><strong><a rel=\"noreferrer noopener\" href=\"https:\/\/thebalkantours.com\/\" target=\"_blank\">LES VOYAGES DANS LES BALKANS<\/a><\/strong>&nbsp;<\/p>\n\n\n\n<p>Voyagez dans les Balkans \u00e0 travers la Slov\u00e9nie, la Croatie, la Serbie, le Mont\u00e9n\u00e9gro, la Bosnie et l'Albanie et d\u00e9couvrez des villes anciennes, la mer Adriatique, des parcs nationaux et bien plus encore.&nbsp;<\/p>\n\n\n\n<p><strong><a rel=\"noreferrer noopener\" href=\"https:\/\/sloveniacyclingholidays.com\/\" target=\"_blank\">VACANCES \u00c0 V\u00c9LO EN SLOV\u00c9NIE<\/a><\/strong><\/p>\n\n\n\n<p>Cycling Holidays Slovenia est une agence de voyage \u00e9mergente, dont la mission est d'offrir \u00e0 ses clients la possibilit\u00e9 de d\u00e9couvrir les divers paysages de la Slov\u00e9nie \u00e0 v\u00e9lo.<\/p>\n\n\n\n<p><strong><a href=\"https:\/\/huttohuthikingslovenia.com\/\" target=\"_blank\" rel=\"noreferrer noopener\">RANDONN\u00c9E DE CABANE \u00c0 CABANE SLOV\u00c9NIE<\/a><\/strong><\/p>\n\n\n\n<p>Randonn\u00e9es guid\u00e9es et autoguid\u00e9es sur des sentiers de montagne avec vue sur les sommets alpins et la nature environnante, repos dans des cabanes et d\u00e9gustation de plats faits maison.&nbsp;<\/p>\n\n\n\n<p><strong><a href=\"https:\/\/walking-holidays-slovenia.com\/\" target=\"_blank\" rel=\"noreferrer noopener\">VACANCES \u00c0 PIED EN SLOV\u00c9NIE<\/a><\/strong><\/p>\n\n\n\n<p>Les circuits de randonn\u00e9e sont con\u00e7us pour emmener les visiteurs \u00e0 travers les paysages verdoyants de la Slov\u00e9nie, les vall\u00e9es luxuriantes et les rivi\u00e8res \u00e9meraudes avec les montagnes en toile de fond.<\/p>\n\n\n\n<p><strong><a rel=\"noreferrer noopener\" href=\"https:\/\/hvarstagdo.com\/\" target=\"_blank\">HVAR STAG DO<\/a><\/strong><\/p>\n\n\n\n<p>Le meilleur endroit pour organiser un enterrement de vie de gar\u00e7on inoubliable sur l'incroyable \u00eele de Hvar pour offrir \u00e0 votre ami quelques derni\u00e8res nuits de f\u00eate avant de se marier.&nbsp;<\/p>\n\n\n\n<p><strong><a rel=\"noreferrer noopener\" href=\"https:\/\/croatiatunafishing.com\/\" target=\"_blank\">P\u00caCHE AU THON EN CROATIE<\/a><\/strong>&nbsp;<\/p>\n\n\n\n<p>Affr\u00e8tements de p\u00eache au gros sur tout le littoral croate avec une exp\u00e9rience de p\u00eache en mer inoubliable pour attraper les plus grands pr\u00e9dateurs de la mer Adriatique.&nbsp;&nbsp;&nbsp;<\/p>\n\n\n\n<p><a href=\"https:\/\/sloveniawedding.com\/\" target=\"_blank\" rel=\"noreferrer noopener\"><strong>MARIAGE EN SLOV\u00c9NIE<\/strong><\/a><\/p>\n\n\n\n<p>Une vari\u00e9t\u00e9 de forfaits mariage fantastiques et de lieux magnifiques dans toute la Slov\u00e9nie.<\/p>\n\n\n\n<p><a href=\"https:\/\/sloveniatours.com\/\" target=\"_blank\" rel=\"noreferrer noopener\"><strong>TOURS EN SLOV\u00c9NIE<\/strong><\/a><\/p>\n\n\n\n<p>Des visites guid\u00e9es de plusieurs jours en Slov\u00e9nie pour d\u00e9couvrir ses principales attractions et ses joyaux cach\u00e9s. Des vacances tranquilles aux vacances plus actives, leurs guides locaux vous accompagneront dans votre voyage \u00e0 travers le meilleur de la Slov\u00e9nie.<\/p>","protected":false},"excerpt":{"rendered":"<p>D\u00c9GUSTATION DE VIN LJUBLJANA D\u00e9gustation de vin la mieux cot\u00e9e en Slov\u00e9nie. Une fa\u00e7on unique de d\u00e9couvrir les vins locaux et leur tradition \ud83c\udf7e BIKING TURKEY Leader des vacances sp\u00e9cialis\u00e9es en cyclisme sur route et en VTT en Turquie. Il s'agit d'une entreprise g\u00e9r\u00e9e par des passionn\u00e9s qui propose un large \u00e9ventail d'options allant du cyclotourisme c\u00f4tier relaxant aux sentiers hors route ... <a href=\"https:\/\/biketourljubljana.com\/fr\/partenaires\/\">Suite<\/a><\/p>","protected":false},"author":40,"featured_media":35,"parent":0,"menu_order":0,"comment_status":"closed","ping_status":"closed","template":"","meta":{"_acf_changed":false,"footnotes":""},"class_list":["post-86","page","type-page","status-publish","has-post-thumbnail","hentry"],"acf":{"page_subheading":"We are stronger together."},"_links":{"self":[{"href":"https:\/\/biketourljubljana.com\/fr\/wp-json\/wp\/v2\/pages\/86","targetHints":{"allow":["GET"]}}],"collection":[{"href":"https:\/\/biketourljubljana.com\/fr\/wp-json\/wp\/v2\/pages"}],"about":[{"href":"https:\/\/biketourljubljana.com\/fr\/wp-json\/wp\/v2\/types\/page"}],"author":[{"embeddable":true,"href":"https:\/\/biketourljubljana.com\/fr\/wp-json\/wp\/v2\/users\/40"}],"replies":[{"embeddable":true,"href":"https:\/\/biketourljubljana.com\/fr\/wp-json\/wp\/v2\/comments?post=86"}],"version-history":[{"count":3,"href":"https:\/\/biketourljubljana.com\/fr\/wp-json\/wp\/v2\/pages\/86\/revisions"}],"predecessor-version":[{"id":412,"href":"https:\/\/biketourljubljana.com\/fr\/wp-json\/wp\/v2\/pages\/86\/revisions\/412"}],"wp:featuredmedia":[{"embeddable":true,"href":"https:\/\/biketourljubljana.com\/fr\/wp-json\/wp\/v2\/media\/35"}],"wp:attachment":[{"href":"https:\/\/biketourljubljana.com\/fr\/wp-json\/wp\/v2\/media?parent=86"}],"curies":[{"name":"wp","href":"https:\/\/api.w.org\/{rel}","templated":true}]}}