{"id":86,"date":"2022-07-27T14:10:55","date_gmt":"2022-07-27T14:10:55","guid":{"rendered":"http:\/\/biketourljubljana.com\/?page_id=86"},"modified":"2022-08-24T13:23:42","modified_gmt":"2022-08-24T13:23:42","slug":"partners","status":"publish","type":"page","link":"https:\/\/biketourljubljana.com\/nl\/partners\/","title":{"rendered":"Partners"},"content":{"rendered":"<p><a rel=\"noreferrer noopener\" href=\"https:\/\/winetastingljubljana.com\/\" target=\"_blank\"><strong>WIJNPROEVERIJ LJUBLJANA<\/strong><\/a><\/p>\n\n\n\n<p>Best beoordeelde wijnproeverij in Sloveni\u00eb. Unieke manier om kennis te maken met lokale wijnen en wijntraditie \ud83c\udf7e<\/p>\n\n\n\n<p><a rel=\"noreferrer noopener\" href=\"http:\/\/www.bikinginturkey.com\/\" target=\"_blank\"><strong>FIETSEN TURKIJE<\/strong><\/a><\/p>\n\n\n\n<p>Leider in gespecialiseerde fietsvakanties en mountainbikevakanties in Turkije. Dit is een enthousiast gerund bedrijf met een breed scala aan mogelijkheden, van ontspannende kust fietstochten tot singletrack off-road trail biking. Met 15 jaar ervaring in de outdoor en Turkse reisindustrie.<\/p>\n\n\n\n<p><a href=\"https:\/\/sloveniacyclingholidays.com\/\"><strong>FIETSVAKANTIE SLOVENI\u00cb<\/strong><\/a><\/p>\n\n\n\n<p>Wanneer u Sloveni\u00eb gewoon op de fiets wilt ervaren, omdat het gewoon gemaakt is voor fiets-uitstapjes, zal het Cycling Holidays team u helpen bij het samenstellen van perfecte fietsvakanties!<\/p>\n\n\n\n<p><a href=\"https:\/\/ljubljanafreetour.com\/\"><strong>LJUBLJANA GRATIS TOUR<\/strong><\/a><\/p>\n\n\n\n<p>Dagelijkse wandelingen door Ljubljana. Dompel jezelf onder in verhalen die de stad tot leven brengen.<\/p>\n\n\n\n<p><strong><a href=\"https:\/\/wine-tours-slovenia.com\/\" target=\"_blank\" rel=\"noreferrer noopener\">WIJNREIZEN SLOVENI\u00cb<\/a><\/strong><\/p>\n\n\n\n<p>Wijn Tours zijn perfect voor zowel beginnende als gevorderde wijnproevers. Je hebt geen voorkennis nodig. Het enige wat nodig is, is de wens om te ontspannen, wijn te drinken, en nog meer te ontspannen.<\/p>\n\n\n\n<p>Er is geen betere manier om de rijke Sloveense wijnbouwtraditie uit de eerste hand te ervaren, te socialiseren met andere reizigers en in \u00e9\u00e9n dag te proeven van de rijkdommen van de natuur.<\/p>\n\n\n\n<p><strong><a href=\"https:\/\/slovenia-holidays.com\/\" target=\"_blank\" rel=\"noreferrer noopener\">VAKANTIE SLOVENI\u00cb<\/a><\/strong><\/p>\n\n\n\n<p>De grootste verscheidenheid aan vakanties in Sloveni\u00eb. Van actieve en avontuurlijke pakketten, tot georganiseerde reizen met outdoor-activiteiten, van familievakanties en ontspannen stedentrips, tot luxe en op maat gemaakte vakanties. Waar uw voorkeur ook naar uitgaat, Slovenia Holidays heeft de beste rondreizen met gids en zelfstudie voor u samengesteld.<\/p>\n\n\n\n<p><strong><a href=\"http:\/\/fishing-guides-slovenia.com\/\" target=\"_blank\" rel=\"noreferrer noopener\">VISGIDSEN SLOVENI\u00cb<\/a><\/strong><\/p>\n\n\n\n<p>Onvergetelijke viservaring (reis &amp; vakantie, materiaalverhuur) met lokale vissers op prachtige verborgen plekjes in heel Sloveni\u00eb.<\/p>\n\n\n\n<p><strong><a href=\"http:\/\/day-trips-slovenia.com\/\" target=\"_blank\" rel=\"noreferrer noopener\">DAGREIZEN SLOVENI\u00cb<\/a><\/strong><\/p>\n\n\n\n<p>Dagtrips en priv\u00e9tours voor kleine groepen vanuit Ljubljana, Bled, Koper, Zagreb en Veneti\u00eb om de mooiste plekjes van Sloveni\u00eb te zien, in combinatie met dagtrips naar buurlanden Kroati\u00eb en Itali\u00eb.<\/p>\n\n\n\n<p><strong><a href=\"https:\/\/biketourljubljana.com\/nl\/\" target=\"_blank\" rel=\"noreferrer noopener\">FIETSTOCHT LJUBLJANA<\/a><\/strong><\/p>\n\n\n\n<p>Een ontspannen, levendige en leuke manier door de sc\u00e8nes en het rijke culturele erfgoed van Ljubljana. Naast prachtige bezienswaardigheden zullen we ook intrigerende verhalen uit het verleden met u delen, evenals het actuele gebeuren van de stad.<\/p>\n\n\n\n<p><strong><a href=\"https:\/\/sloveniaprivatetours.com\/\" target=\"_blank\" rel=\"noreferrer noopener\">PRIV\u00c9 TOURS SLOVENI\u00cb<\/a><\/strong><\/p>\n\n\n\n<p>Slovenia Private Tours zijn uw kans om ons land volledig stressvrij te ervaren, genietend van het gezelschap van een professionele lokale chauffeur en gids die u zal laten zien wat Sloveni\u00eb allemaal inhoudt.<\/p>\n\n\n\n<p><strong><a href=\"https:\/\/shoreexcursionskoper.com\/\" target=\"_blank\" rel=\"noreferrer noopener\">EXCURSIES KOPER<\/a><\/strong><\/p>\n\n\n\n<p>De beste begeleide excursies vanuit Koper door Sloveni\u00eb om zowel de topattracties als de verborgen juweeltjes te ontdekken.<\/p>\n\n\n\n<p><a rel=\"noreferrer noopener\" href=\"https:\/\/triglavtours.com\/\" target=\"_blank\"><strong>TRIGLAV TOURS<\/strong><\/a><\/p>\n\n\n\n<p>Begeleide wandeltochten op de hoogste berg van Sloveni\u00eb. Een selectie van diverse, aanpasbare bergbeklimmings- en wandeltochten die leiden naar de beste toppen in het Triglav Nationaal Park, inclusief het symbool van Sloveni\u00eb zelf - Mt. Triglav.<\/p>\n\n\n\n<p><strong><a rel=\"noreferrer noopener\" href=\"https:\/\/thebalkantours.com\/\" target=\"_blank\">DE BALKAN REIZEN<\/a><\/strong>&nbsp;<\/p>\n\n\n\n<p>Maak een Balkanreis door Sloveni\u00eb, Kroati\u00eb, Servi\u00eb, Montenegro, Bosni\u00eb en Albani\u00eb en beleef eeuwenoude steden, de Adriatische Zee, nationale parken en meer.&nbsp;<\/p>\n\n\n\n<p><strong><a rel=\"noreferrer noopener\" href=\"https:\/\/sloveniacyclingholidays.com\/\" target=\"_blank\">FIETSVAKANTIES SLOVENI\u00cb<\/a><\/strong><\/p>\n\n\n\n<p>Cycling Holidays Slovenia is een opkomend reisbureau, wiens missie het is om hun klanten de mogelijkheid te bieden om de diverse landschappen van Sloveni\u00eb op de fiets te ervaren.<\/p>\n\n\n\n<p><strong><a href=\"https:\/\/huttohuthikingslovenia.com\/\" target=\"_blank\" rel=\"noreferrer noopener\">HUTTENTOT-HUTTENTOCHT SLOVENI\u00cb<\/a><\/strong><\/p>\n\n\n\n<p>Begeleide en begeleide wandelingen over bergpaden met uitzicht op de Alpentoppen en de omringende natuur, uitrusten in hutten en genieten van huisgemaakte gerechten.&nbsp;<\/p>\n\n\n\n<p><strong><a href=\"https:\/\/walking-holidays-slovenia.com\/\" target=\"_blank\" rel=\"noreferrer noopener\">WANDELVAKANTIES SLOVENI\u00cb<\/a><\/strong><\/p>\n\n\n\n<p>Wandeltochten zijn ontworpen om gasten mee te voeren door de groene landschappen van Sloveni\u00eb, weelderige valleien en smaragdgroene rivieren met bergachtergronden.<\/p>\n\n\n\n<p><strong><a rel=\"noreferrer noopener\" href=\"https:\/\/hvarstagdo.com\/\" target=\"_blank\">HVAR STAG DO<\/a><\/strong><\/p>\n\n\n\n<p>De beste plek om een onvergetelijke vrijgezellenavond te organiseren op het ongelooflijke eiland Hvar om je vriend nog een paar laatste nachten te laten feesten voordat hij de knoop doorhakt.&nbsp;<\/p>\n\n\n\n<p><strong><a rel=\"noreferrer noopener\" href=\"https:\/\/croatiatunafishing.com\/\" target=\"_blank\">TONIJNVISSERIJ IN KROATI\u00cb<\/a><\/strong>&nbsp;<\/p>\n\n\n\n<p>Big game fishing charters langs de gehele kustlijn van Kroati\u00eb met een onvergetelijke zeeviservaring om de grootste roofdieren van de Adriatische zee te vangen.&nbsp;&nbsp;&nbsp;<\/p>\n\n\n\n<p><a href=\"https:\/\/sloveniawedding.com\/\" target=\"_blank\" rel=\"noreferrer noopener\"><strong>BRUILOFT SLOVENI\u00cb<\/strong><\/a><\/p>\n\n\n\n<p>Een verscheidenheid van fantastische bruiloft pakketten en prachtige locaties in heel Sloveni\u00eb.<\/p>\n\n\n\n<p><a href=\"https:\/\/sloveniatours.com\/\" target=\"_blank\" rel=\"noreferrer noopener\"><strong>SLOVENI\u00cb REIZEN<\/strong><\/a><\/p>\n\n\n\n<p>Meerdaagse rondreizen naar Sloveni\u00eb om zowel de topattracties als de verborgen juweeltjes te ontdekken. Van een ontspannen tot een meer actieve vakantie, hun lokale gidsen zullen u begeleiden op de reis door het beste van Sloveni\u00eb.<\/p>","protected":false},"excerpt":{"rendered":"<p>WIJNPROEVERIJ LJUBLJANA Best beoordeelde wijnproeverij in Sloveni\u00eb. Unieke manier om kennis te maken met lokale wijnen en wijntradities \ud83c\udf7e BIKING TURKEY Leider in gespecialiseerde fiets- en mountainbikevakanties in Turkije. Dit is een enthousiast bedrijf met een breed scala aan opties, van ontspannende fietstochten langs de kust tot singletrack off-road ... <a href=\"https:\/\/biketourljubljana.com\/nl\/partners\/\">Vervolg<\/a><\/p>","protected":false},"author":40,"featured_media":35,"parent":0,"menu_order":0,"comment_status":"closed","ping_status":"closed","template":"","meta":{"_acf_changed":false,"footnotes":""},"class_list":["post-86","page","type-page","status-publish","has-post-thumbnail","hentry"],"acf":{"page_subheading":"We are stronger together."},"_links":{"self":[{"href":"https:\/\/biketourljubljana.com\/nl\/wp-json\/wp\/v2\/pages\/86","targetHints":{"allow":["GET"]}}],"collection":[{"href":"https:\/\/biketourljubljana.com\/nl\/wp-json\/wp\/v2\/pages"}],"about":[{"href":"https:\/\/biketourljubljana.com\/nl\/wp-json\/wp\/v2\/types\/page"}],"author":[{"embeddable":true,"href":"https:\/\/biketourljubljana.com\/nl\/wp-json\/wp\/v2\/users\/40"}],"replies":[{"embeddable":true,"href":"https:\/\/biketourljubljana.com\/nl\/wp-json\/wp\/v2\/comments?post=86"}],"version-history":[{"count":3,"href":"https:\/\/biketourljubljana.com\/nl\/wp-json\/wp\/v2\/pages\/86\/revisions"}],"predecessor-version":[{"id":412,"href":"https:\/\/biketourljubljana.com\/nl\/wp-json\/wp\/v2\/pages\/86\/revisions\/412"}],"wp:featuredmedia":[{"embeddable":true,"href":"https:\/\/biketourljubljana.com\/nl\/wp-json\/wp\/v2\/media\/35"}],"wp:attachment":[{"href":"https:\/\/biketourljubljana.com\/nl\/wp-json\/wp\/v2\/media?parent=86"}],"curies":[{"name":"wp","href":"https:\/\/api.w.org\/{rel}","templated":true}]}}